{"id":141,"date":"2022-10-18T09:46:59","date_gmt":"2022-10-18T07:46:59","guid":{"rendered":"https:\/\/lp-interentreprises.com\/?page_id=141"},"modified":"2024-09-08T15:03:45","modified_gmt":"2024-09-08T13:03:45","slug":"bac-pro-technicien-en-chaudronnerie-industrielle","status":"publish","type":"page","link":"https:\/\/lp-interentreprises.com\/index.php\/bac-pro-technicien-en-chaudronnerie-industrielle\/","title":{"rendered":"BAC PRO TECHNICIEN EN CHAUDRONNERIE INDUSTRIELLE &#8211; 3 ANS"},"content":{"rendered":"\t\t<div data-elementor-type=\"wp-page\" data-elementor-id=\"141\" class=\"elementor elementor-141\">\n\t\t\t\t\t\t<section class=\"elementor-section elementor-top-section elementor-element elementor-element-4d47e61 elementor-section-stretched elementor-section-boxed elementor-section-height-default elementor-section-height-default\" data-id=\"4d47e61\" data-element_type=\"section\" data-settings=\"{&quot;stretch_section&quot;:&quot;section-stretched&quot;}\">\n\t\t\t\t\t\t<div class=\"elementor-container elementor-column-gap-default\">\n\t\t\t\t\t<div class=\"elementor-column elementor-col-100 elementor-top-column elementor-element elementor-element-3849c37\" data-id=\"3849c37\" data-element_type=\"column\">\n\t\t\t<div class=\"elementor-widget-wrap elementor-element-populated\">\n\t\t\t\t\t\t<div class=\"elementor-element elementor-element-977cd55 elementor-widget elementor-widget-video\" data-id=\"977cd55\" data-element_type=\"widget\" data-settings=\"{&quot;youtube_url&quot;:&quot;https:\\\/\\\/youtu.be\\\/IBetukhoYKM&quot;,&quot;video_type&quot;:&quot;youtube&quot;,&quot;controls&quot;:&quot;yes&quot;}\" data-widget_type=\"video.default\">\n\t\t\t\t<div class=\"elementor-widget-container\">\n\t\t\t<style>\/*! elementor - v3.22.0 - 24-06-2024 *\/\n.elementor-widget-video .elementor-widget-container{overflow:hidden;transform:translateZ(0)}.elementor-widget-video .elementor-wrapper{aspect-ratio:var(--video-aspect-ratio)}.elementor-widget-video .elementor-wrapper iframe,.elementor-widget-video .elementor-wrapper video{height:100%;width:100%;display:flex;border:none;background-color:#000}@supports not (aspect-ratio:1\/1){.elementor-widget-video .elementor-wrapper{position:relative;overflow:hidden;height:0;padding-bottom:calc(100% \/ var(--video-aspect-ratio))}.elementor-widget-video .elementor-wrapper iframe,.elementor-widget-video .elementor-wrapper video{position:absolute;top:0;right:0;bottom:0;left:0}}.elementor-widget-video .elementor-open-inline .elementor-custom-embed-image-overlay{position:absolute;top:0;right:0;bottom:0;left:0;background-size:cover;background-position:50%}.elementor-widget-video .elementor-custom-embed-image-overlay{cursor:pointer;text-align:center}.elementor-widget-video .elementor-custom-embed-image-overlay:hover .elementor-custom-embed-play i{opacity:1}.elementor-widget-video .elementor-custom-embed-image-overlay img{display:block;width:100%;aspect-ratio:var(--video-aspect-ratio);-o-object-fit:cover;object-fit:cover;-o-object-position:center center;object-position:center center}@supports not (aspect-ratio:1\/1){.elementor-widget-video .elementor-custom-embed-image-overlay{position:relative;overflow:hidden;height:0;padding-bottom:calc(100% \/ var(--video-aspect-ratio))}.elementor-widget-video .elementor-custom-embed-image-overlay img{position:absolute;top:0;right:0;bottom:0;left:0}}.elementor-widget-video .e-hosted-video .elementor-video{-o-object-fit:cover;object-fit:cover}.e-con-inner>.elementor-widget-video,.e-con>.elementor-widget-video{width:var(--container-widget-width);--flex-grow:var(--container-widget-flex-grow)}<\/style>\t\t<div class=\"elementor-wrapper elementor-open-inline\">\n\t\t\t<div class=\"elementor-video\"><\/div>\t\t<\/div>\n\t\t\t\t<\/div>\n\t\t\t\t<\/div>\n\t\t\t\t\t<\/div>\n\t\t<\/div>\n\t\t\t\t\t<\/div>\n\t\t<\/section>\n\t\t\t\t<section class=\"elementor-section elementor-top-section elementor-element elementor-element-5d14ccc elementor-section-stretched elementor-section-boxed elementor-section-height-default elementor-section-height-default\" data-id=\"5d14ccc\" data-element_type=\"section\" data-settings=\"{&quot;stretch_section&quot;:&quot;section-stretched&quot;}\">\n\t\t\t\t\t\t<div class=\"elementor-container elementor-column-gap-default\">\n\t\t\t\t\t<div class=\"elementor-column elementor-col-100 elementor-top-column elementor-element elementor-element-5f4e1bc\" data-id=\"5f4e1bc\" data-element_type=\"column\">\n\t\t\t<div class=\"elementor-widget-wrap elementor-element-populated\">\n\t\t\t\t\t\t<div class=\"elementor-element elementor-element-cc168ce elementor-widget elementor-widget-text-editor\" data-id=\"cc168ce\" data-element_type=\"widget\" data-widget_type=\"text-editor.default\">\n\t\t\t\t<div class=\"elementor-widget-container\">\n\t\t\t<style>\/*! elementor - v3.22.0 - 24-06-2024 *\/\n.elementor-widget-text-editor.elementor-drop-cap-view-stacked .elementor-drop-cap{background-color:#69727d;color:#fff}.elementor-widget-text-editor.elementor-drop-cap-view-framed .elementor-drop-cap{color:#69727d;border:3px solid;background-color:transparent}.elementor-widget-text-editor:not(.elementor-drop-cap-view-default) .elementor-drop-cap{margin-top:8px}.elementor-widget-text-editor:not(.elementor-drop-cap-view-default) .elementor-drop-cap-letter{width:1em;height:1em}.elementor-widget-text-editor .elementor-drop-cap{float:left;text-align:center;line-height:1;font-size:50px}.elementor-widget-text-editor .elementor-drop-cap-letter{display:inline-block}<\/style>\t\t\t\t<h5 class=\"alignwide has-secondary-color has-text-color\" style=\"font-size: 25px; text-align: center;\"><span style=\"color: #ffffff;\">LE M\u00c9TIER<\/span><\/h5><div><div><p>Le Technicien en Chaudronnerie Industrielle est sp\u00e9cialiste de la fabrication d\u2019ensembles chaudronn\u00e9s, d\u2019ensembles de t\u00f4lerie, de tuyauterie industrielle et d\u2019ossatures en structures m\u00e9talliques.\u00a0Il intervient essentiellement en atelier, mais aussi sur chantier pour installer, entretenir ou r\u00e9habiliter.\u00a0Ce professionnel qualifi\u00e9 participe \u00e0 la mise en \u0153uvre de produits tr\u00e8s divers, tant par leur nature (m\u00e9taux et alliages ferreux et non ferreux, mati\u00e8res plastiques, mat\u00e9riaux composites\u2026) que par leur forme (plats, profil\u00e9s, tubes\u2026), leur dimension ou leur mode d\u2019assemblage.\u00a0Il conduit aussi bien des machines traditionnelles \u00e0 commande manuelle que des machines \u00e0 commande num\u00e9rique ou des robots\u00a0Il conna\u00eet les techniques d\u2019assemblage propres aux mat\u00e9riaux qu\u2019il (qu\u2019elle) travaille (soudage, rivetage, boulonnage, collage\u2026) et sait utiliser les machines adapt\u00e9es (d\u00e9coupeuse au laser, au plasma, robot de soudage\u2026).\u00a0Il exploite les outils num\u00e9riques \u00e0 des fins de d\u00e9finition et de r\u00e9alisation d\u2019ouvrages (logiciels de CFAO, outils virtuels,simulateurs, bases de donn\u00e9es m\u00e9tier\u2026).<\/p><p>\u00a0<\/p><\/div><\/div><div class=\"wp-block-columns alignwide\"><div class=\"wp-block-column\" style=\"flex-basis: 100%;\"><h5 class=\"alignwide has-secondary-color has-text-color\" style=\"font-size: 25px; text-align: center;\"><span style=\"color: #ffffff;\">LA FORMATION<\/span><\/h5><\/div><\/div><div class=\"wp-block-columns alignwide\"><div class=\"wp-block-column\" style=\"flex-basis: 100%;\"><p class=\"has-secondary-color has-text-color\" style=\"font-size: 14px;\"><span style=\"color: #ffffff;\">&#8211; alternance d\u2019enseignements g\u00e9n\u00e9raux et professionnels en ateliers<\/span><br \/><span style=\"color: #ffffff;\">&#8211; 22 semaines de stages en entreprises r\u00e9parties sur trois ans<\/span><\/p><h5 class=\"alignwide has-secondary-color has-text-color\" style=\"font-size: 25px; text-align: center;\"><span style=\"color: #ffffff;\">LES D\u00c9BOUCH\u00c9S<\/span><\/h5><\/div><\/div><div class=\"wp-block-columns alignwide\"><div class=\"wp-block-column\" style=\"flex-basis: 100%;\"><p class=\"has-secondary-color has-text-color\" style=\"font-size: 14px;\"><span style=\"color: #ffffff;\">\u00c0 l\u2019issue de sa formation, il peut trouver un emploi dans une entreprise artisanale ou industrielle (grandes entreprises, PME, PMI) :<\/span><\/p><\/div><\/div><div class=\"wp-block-columns alignwide\"><div class=\"wp-block-column\" style=\"flex-basis: 100%;\"><p class=\"has-secondary-color has-text-color\" style=\"margin-bottom: 32px; font-size: 14px;\"><span style=\"color: #ffffff;\">&#8211; construction a\u00e9ronautique et spatiale,<\/span><br \/><span style=\"color: #ffffff;\">&#8211; construction ferroviaire,<\/span><br \/><span style=\"color: #ffffff;\">&#8211; construction navale,<\/span><br \/><span style=\"color: #ffffff;\">&#8211; industrie agroalimentaire,<\/span><br \/><span style=\"color: #ffffff;\">&#8211; industrie chimique,<\/span><br \/><span style=\"color: #ffffff;\">&#8211; industrie p\u00e9trochimique,<\/span><br \/><span style=\"color: #ffffff;\">&#8211; industrie pharmaceutique,<\/span><br \/><span style=\"color: #ffffff;\">&#8211; b\u00e2timent et travaux publics,<\/span><br \/><span style=\"color: #ffffff;\">&#8211; industrie nucl\u00e9aire et de production d\u2019\u00e9nergie,<\/span><br \/><span style=\"color: #ffffff;\">&#8211; industrie papeti\u00e8re,<\/span><br \/><span style=\"color: #ffffff;\">&#8211; machinisme agricole et industriel,<\/span><br \/><span style=\"color: #ffffff;\">&#8211; maintenance industrielle, environnement et d\u00e9veloppement durable\u2026<\/span><\/p><\/div><\/div>\t\t\t\t\t\t<\/div>\n\t\t\t\t<\/div>\n\t\t\t\t<div class=\"elementor-element elementor-element-68edbb1 elementor-widget elementor-widget-image\" data-id=\"68edbb1\" data-element_type=\"widget\" data-widget_type=\"image.default\">\n\t\t\t\t<div class=\"elementor-widget-container\">\n\t\t\t<style>\/*! elementor - v3.22.0 - 24-06-2024 *\/\n.elementor-widget-image{text-align:center}.elementor-widget-image a{display:inline-block}.elementor-widget-image a img[src$=\".svg\"]{width:48px}.elementor-widget-image img{vertical-align:middle;display:inline-block}<\/style>\t\t\t\t\t\t\t\t\t\t<img decoding=\"async\" src=\"https:\/\/lp-interentreprises.com\/wp-content\/uploads\/2023\/11\/CFA-200x125.jpg\" title=\"CFA\" alt=\"CFA\" loading=\"lazy\" \/>\t\t\t\t\t\t\t\t\t\t\t\t\t<\/div>\n\t\t\t\t<\/div>\n\t\t\t\t<div class=\"elementor-element elementor-element-3bdb05e elementor-align-right elementor-widget elementor-widget-button\" data-id=\"3bdb05e\" data-element_type=\"widget\" data-widget_type=\"button.default\">\n\t\t\t\t<div class=\"elementor-widget-container\">\n\t\t\t\t\t<div class=\"elementor-button-wrapper\">\n\t\t\t<a class=\"elementor-button elementor-button-link elementor-size-sm\" href=\"https:\/\/lp-interentreprises.com\/index.php\/elementor-2339\/\">\n\t\t\t\t\t\t<span class=\"elementor-button-content-wrapper\">\n\t\t\t\t\t\t\t\t\t<span class=\"elementor-button-text\">En savoir plus<\/span>\n\t\t\t\t\t<\/span>\n\t\t\t\t\t<\/a>\n\t\t<\/div>\n\t\t\t\t<\/div>\n\t\t\t\t<\/div>\n\t\t\t\t\t<\/div>\n\t\t<\/div>\n\t\t\t\t\t<\/div>\n\t\t<\/section>\n\t\t\t\t<section class=\"elementor-section elementor-top-section elementor-element elementor-element-5beebfb elementor-section-stretched elementor-section-boxed elementor-section-height-default elementor-section-height-default\" data-id=\"5beebfb\" data-element_type=\"section\" data-settings=\"{&quot;stretch_section&quot;:&quot;section-stretched&quot;,&quot;background_background&quot;:&quot;classic&quot;}\">\n\t\t\t\t\t\t<div class=\"elementor-container elementor-column-gap-default\">\n\t\t\t\t\t<div class=\"elementor-column elementor-col-33 elementor-top-column elementor-element elementor-element-f1800d9\" data-id=\"f1800d9\" data-element_type=\"column\">\n\t\t\t<div class=\"elementor-widget-wrap elementor-element-populated\">\n\t\t\t\t\t\t<div class=\"elementor-element elementor-element-abbf208 elementor-widget elementor-widget-text-editor\" data-id=\"abbf208\" data-element_type=\"widget\" data-widget_type=\"text-editor.default\">\n\t\t\t\t<div class=\"elementor-widget-container\">\n\t\t\t\t\t\t\t<h5><br><\/h5><h5>HORAIRES<\/h5>\n<p><br><\/p>\n<p>Lundi au vendredi &nbsp;: 8h30 \u2013 16h30<br><\/p>\t\t\t\t\t\t<\/div>\n\t\t\t\t<\/div>\n\t\t\t\t\t<\/div>\n\t\t<\/div>\n\t\t\t\t<div class=\"elementor-column elementor-col-33 elementor-top-column elementor-element elementor-element-d45e62c\" data-id=\"d45e62c\" data-element_type=\"column\">\n\t\t\t<div class=\"elementor-widget-wrap elementor-element-populated\">\n\t\t\t\t\t\t<div class=\"elementor-element elementor-element-7f591bf elementor-widget elementor-widget-text-editor\" data-id=\"7f591bf\" data-element_type=\"widget\" data-widget_type=\"text-editor.default\">\n\t\t\t\t<div class=\"elementor-widget-container\">\n\t\t\t\t\t\t\t<h5>\u00a0<\/h5><h5>ADRESSES<\/h5><div>\u00a0<\/div><p>2B Rue des Huiliers<\/p><p>\u00a057220 BOULAY<\/p><p>1 All\u00e9e Ren\u00e9 Cassin\u00a0<\/p><p>57380 FAULQUEMONT<\/p><p style=\"margin-top: 32px; margin-bottom: 32px; text-transform: uppercase;\">\u00a0<\/p>\t\t\t\t\t\t<\/div>\n\t\t\t\t<\/div>\n\t\t\t\t\t<\/div>\n\t\t<\/div>\n\t\t\t\t<div class=\"elementor-column elementor-col-33 elementor-top-column elementor-element elementor-element-4ed0ac3\" data-id=\"4ed0ac3\" data-element_type=\"column\">\n\t\t\t<div class=\"elementor-widget-wrap elementor-element-populated\">\n\t\t\t\t\t\t<div class=\"elementor-element elementor-element-d3cea35 elementor-widget elementor-widget-text-editor\" data-id=\"d3cea35\" data-element_type=\"widget\" data-widget_type=\"text-editor.default\">\n\t\t\t\t<div class=\"elementor-widget-container\">\n\t\t\t\t\t\t\t<h5>\u00a0<\/h5><h5>CONTACT<\/h5><div>\u00a0<\/div><div><span style=\"color: var( --e-global-color-text ); font-family: var( --e-global-typography-text-font-family ), Sans-serif; font-size: 1rem;\">03 87 79 21 76<\/span><\/div><p><a href=\"mailto:accueil@lp-interentreprises.fr\">accueil@lp-interentreprises.fr<\/a><\/p><p>\u00a0<\/p>\t\t\t\t\t\t<\/div>\n\t\t\t\t<\/div>\n\t\t\t\t\t<\/div>\n\t\t<\/div>\n\t\t\t\t\t<\/div>\n\t\t<\/section>\n\t\t\t\t<\/div>\n\t\t","protected":false},"excerpt":{"rendered":"<p>https:\/\/youtu.be\/IBetukhoYKM LE M\u00c9TIER Le Technicien en Chaudronnerie Industrielle est sp\u00e9cialiste de la fabrication d\u2019ensembles chaudronn\u00e9s, d\u2019ensembles de t\u00f4lerie, de tuyauterie industrielle et d\u2019ossatures en structures m\u00e9talliques.\u00a0Il intervient essentiellement en atelier, mais aussi sur chantier pour installer, entretenir ou r\u00e9habiliter.\u00a0Ce professionnel qualifi\u00e9 participe \u00e0 la mise en \u0153uvre de produits tr\u00e8s divers, tant par leur nature<a class=\"more-link\" href=\"https:\/\/lp-interentreprises.com\/index.php\/bac-pro-technicien-en-chaudronnerie-industrielle\/\">Lire la suite <span class=\"screen-reader-text\">&#8220;BAC PRO TECHNICIEN EN CHAUDRONNERIE INDUSTRIELLE &#8211; 3 ANS&#8221;<\/span><\/a><\/p>\n","protected":false},"author":1,"featured_media":0,"parent":0,"menu_order":0,"comment_status":"closed","ping_status":"closed","template":"","meta":{"footnotes":""},"class_list":["post-141","page","type-page","status-publish","hentry","entry"],"jetpack_sharing_enabled":true,"_links":{"self":[{"href":"https:\/\/lp-interentreprises.com\/index.php\/wp-json\/wp\/v2\/pages\/141","targetHints":{"allow":["GET"]}}],"collection":[{"href":"https:\/\/lp-interentreprises.com\/index.php\/wp-json\/wp\/v2\/pages"}],"about":[{"href":"https:\/\/lp-interentreprises.com\/index.php\/wp-json\/wp\/v2\/types\/page"}],"author":[{"embeddable":true,"href":"https:\/\/lp-interentreprises.com\/index.php\/wp-json\/wp\/v2\/users\/1"}],"replies":[{"embeddable":true,"href":"https:\/\/lp-interentreprises.com\/index.php\/wp-json\/wp\/v2\/comments?post=141"}],"version-history":[{"count":27,"href":"https:\/\/lp-interentreprises.com\/index.php\/wp-json\/wp\/v2\/pages\/141\/revisions"}],"predecessor-version":[{"id":3142,"href":"https:\/\/lp-interentreprises.com\/index.php\/wp-json\/wp\/v2\/pages\/141\/revisions\/3142"}],"wp:attachment":[{"href":"https:\/\/lp-interentreprises.com\/index.php\/wp-json\/wp\/v2\/media?parent=141"}],"curies":[{"name":"wp","href":"https:\/\/api.w.org\/{rel}","templated":true}]}}