{"id":138,"date":"2022-10-18T09:46:59","date_gmt":"2022-10-18T07:46:59","guid":{"rendered":"https:\/\/lp-interentreprises.com\/?page_id=138"},"modified":"2024-02-02T11:47:25","modified_gmt":"2024-02-02T10:47:25","slug":"bac-pro-technicien-en-realisation-de-produits-mecaniques","status":"publish","type":"page","link":"https:\/\/lp-interentreprises.com\/index.php\/bac-pro-technicien-en-realisation-de-produits-mecaniques\/","title":{"rendered":"BAC PRO TECHNICIEN EN R\u00c9ALISATION DE PRODUITS M\u00c9CANIQUES &#8211; 3 ANS"},"content":{"rendered":"\t\t<div data-elementor-type=\"wp-page\" data-elementor-id=\"138\" class=\"elementor elementor-138\">\n\t\t\t\t\t\t<section class=\"elementor-section elementor-top-section elementor-element elementor-element-c788d61 elementor-section-stretched elementor-section-boxed elementor-section-height-default elementor-section-height-default\" data-id=\"c788d61\" data-element_type=\"section\" data-settings=\"{&quot;stretch_section&quot;:&quot;section-stretched&quot;}\">\n\t\t\t\t\t\t<div class=\"elementor-container elementor-column-gap-default\">\n\t\t\t\t\t<div class=\"elementor-column elementor-col-100 elementor-top-column elementor-element elementor-element-f3692e6\" data-id=\"f3692e6\" data-element_type=\"column\">\n\t\t\t<div class=\"elementor-widget-wrap elementor-element-populated\">\n\t\t\t\t\t\t<div class=\"elementor-element elementor-element-2e639ca elementor-widget elementor-widget-video\" data-id=\"2e639ca\" data-element_type=\"widget\" data-settings=\"{&quot;youtube_url&quot;:&quot;https:\\\/\\\/youtu.be\\\/dYtpBwr1RdY&quot;,&quot;video_type&quot;:&quot;youtube&quot;,&quot;controls&quot;:&quot;yes&quot;}\" data-widget_type=\"video.default\">\n\t\t\t\t<div class=\"elementor-widget-container\">\n\t\t\t<style>\/*! elementor - v3.22.0 - 24-06-2024 *\/\n.elementor-widget-video .elementor-widget-container{overflow:hidden;transform:translateZ(0)}.elementor-widget-video .elementor-wrapper{aspect-ratio:var(--video-aspect-ratio)}.elementor-widget-video .elementor-wrapper iframe,.elementor-widget-video .elementor-wrapper video{height:100%;width:100%;display:flex;border:none;background-color:#000}@supports not (aspect-ratio:1\/1){.elementor-widget-video .elementor-wrapper{position:relative;overflow:hidden;height:0;padding-bottom:calc(100% \/ var(--video-aspect-ratio))}.elementor-widget-video .elementor-wrapper iframe,.elementor-widget-video .elementor-wrapper video{position:absolute;top:0;right:0;bottom:0;left:0}}.elementor-widget-video .elementor-open-inline .elementor-custom-embed-image-overlay{position:absolute;top:0;right:0;bottom:0;left:0;background-size:cover;background-position:50%}.elementor-widget-video .elementor-custom-embed-image-overlay{cursor:pointer;text-align:center}.elementor-widget-video .elementor-custom-embed-image-overlay:hover .elementor-custom-embed-play i{opacity:1}.elementor-widget-video .elementor-custom-embed-image-overlay img{display:block;width:100%;aspect-ratio:var(--video-aspect-ratio);-o-object-fit:cover;object-fit:cover;-o-object-position:center center;object-position:center center}@supports not (aspect-ratio:1\/1){.elementor-widget-video .elementor-custom-embed-image-overlay{position:relative;overflow:hidden;height:0;padding-bottom:calc(100% \/ var(--video-aspect-ratio))}.elementor-widget-video .elementor-custom-embed-image-overlay img{position:absolute;top:0;right:0;bottom:0;left:0}}.elementor-widget-video .e-hosted-video .elementor-video{-o-object-fit:cover;object-fit:cover}.e-con-inner>.elementor-widget-video,.e-con>.elementor-widget-video{width:var(--container-widget-width);--flex-grow:var(--container-widget-flex-grow)}<\/style>\t\t<div class=\"elementor-wrapper elementor-open-inline\">\n\t\t\t<div class=\"elementor-video\"><\/div>\t\t<\/div>\n\t\t\t\t<\/div>\n\t\t\t\t<\/div>\n\t\t\t\t\t<\/div>\n\t\t<\/div>\n\t\t\t\t\t<\/div>\n\t\t<\/section>\n\t\t\t\t<section class=\"elementor-section elementor-top-section elementor-element elementor-element-59063e8 elementor-section-stretched elementor-section-boxed elementor-section-height-default elementor-section-height-default\" data-id=\"59063e8\" data-element_type=\"section\" data-settings=\"{&quot;stretch_section&quot;:&quot;section-stretched&quot;}\">\n\t\t\t\t\t\t<div class=\"elementor-container elementor-column-gap-default\">\n\t\t\t\t\t<div class=\"elementor-column elementor-col-100 elementor-top-column elementor-element elementor-element-86606ad\" data-id=\"86606ad\" data-element_type=\"column\">\n\t\t\t<div class=\"elementor-widget-wrap elementor-element-populated\">\n\t\t\t\t\t\t<div class=\"elementor-element elementor-element-f1fa722 elementor-widget elementor-widget-text-editor\" data-id=\"f1fa722\" data-element_type=\"widget\" data-widget_type=\"text-editor.default\">\n\t\t\t\t<div class=\"elementor-widget-container\">\n\t\t\t<style>\/*! elementor - v3.22.0 - 24-06-2024 *\/\n.elementor-widget-text-editor.elementor-drop-cap-view-stacked .elementor-drop-cap{background-color:#69727d;color:#fff}.elementor-widget-text-editor.elementor-drop-cap-view-framed .elementor-drop-cap{color:#69727d;border:3px solid;background-color:transparent}.elementor-widget-text-editor:not(.elementor-drop-cap-view-default) .elementor-drop-cap{margin-top:8px}.elementor-widget-text-editor:not(.elementor-drop-cap-view-default) .elementor-drop-cap-letter{width:1em;height:1em}.elementor-widget-text-editor .elementor-drop-cap{float:left;text-align:center;line-height:1;font-size:50px}.elementor-widget-text-editor .elementor-drop-cap-letter{display:inline-block}<\/style>\t\t\t\t<h5 style=\"caret-color: #000000; color: #000000; font-size: 25px; text-align: center;\"><span style=\"color: #ffffff;\">LE M\u00c9TIER<\/span><\/h5>\n<div style=\"text-align: center;\">\u00a0<\/div>\n<div style=\"caret-color: #000000; color: #000000; font-size: 14px; text-align: center;\">\n<div style=\"flex-basis: 100%;\">\n<p><span style=\"color: #ffffff;\">En entreprise ou en atelier de m\u00e9canique, le titulaire de ce bac pro ma\u00eetrise la mise en \u0153uvre de l\u2019usinage par enl\u00e8vement de mati\u00e8re.<\/span><\/p>\n<\/div>\n<\/div>\n<div style=\"caret-color: #000000; color: #000000; text-align: center;\">\n<div style=\"flex-basis: 100%;\">\n<p style=\"font-size: 14px;\"><span style=\"color: #ffffff;\">Il sait analyser l\u2019ensemble des donn\u00e9es techniques et utiliser la cha\u00eene des donn\u00e9es num\u00e9riques (conception assist\u00e9e par ordinateur, fabrication assist\u00e9e par ordinateur\u2026). Lors du lancement et du suivi de la production, il pr\u00e9pare les outils et les outillages. Il con\u00e7oit un programme \u00e0 partir d\u2019une d\u00e9finition num\u00e9rique et \u00e0 l\u2019aide de logiciels de fabrication assist\u00e9e par ordinateur puis il effectue la simulation du programme. Il implante et transf\u00e8re les donn\u00e9es num\u00e9riques.<\/span><\/p>\n<\/div>\n<\/div>\n<div style=\"caret-color: #000000; color: #000000; font-size: 14px; text-align: center;\">\n<div style=\"flex-basis: 100%;\">\n<p><span style=\"color: #ffffff;\">Il r\u00e8gle et met en \u0153uvre le syst\u00e8me. Il choisit les mat\u00e9riels de mesure et de contr\u00f4le. Il installe et r\u00e8gle les outils et les outillages. Il r\u00e9alise les pi\u00e8ces dans le respect de la qualit\u00e9, des d\u00e9lais et des co\u00fbts. Il assure la maintenance de premier niveau de l\u2019ensemble du syst\u00e8me de production.<\/span><\/p>\n<\/div>\n<\/div>\n<div style=\"caret-color: #000000; color: #000000; font-size: 14px; text-align: center;\">\n<div style=\"flex-basis: 100%;\">\n<p><span style=\"color: #ffffff;\">Le technicien travaille en \u00e9quipe et collabore avec les diff\u00e9rents services de l\u2019entreprise. Il poss\u00e8de des connaissances en gestion de production appliqu\u00e9es au contexte de l\u2019atelier.<\/span><\/p>\n<p>\u00a0<\/p>\n<\/div>\n<\/div>\n<h5 style=\"caret-color: #000000; color: #000000; font-size: 25px; text-align: center;\"><span style=\"color: #ffffff;\">LA FORMATION<\/span><\/h5>\n<div style=\"text-align: center;\">\u00a0<\/div>\n<div style=\"caret-color: #000000; color: #000000; font-size: 14px; text-align: center;\">\n<div style=\"flex-basis: 100%;\">\n<p><span style=\"color: #ffffff;\">&#8211; Alternance d\u2019enseignements g\u00e9n\u00e9raux et professionnels en ateliers<\/span><\/p>\n<\/div>\n<\/div>\n<div style=\"caret-color: #000000; color: #000000; font-size: 14px; text-align: center;\">\n<div style=\"flex-basis: 100%;\">\n<p><span style=\"color: #ffffff;\">&#8211; 22 semaines de stages en entreprises r\u00e9parties sur trois ans.<\/span><\/p>\n<p>\u00a0<\/p>\n<\/div>\n<\/div>\n<h5 style=\"caret-color: #000000; color: #000000; font-size: 25px; text-align: center;\"><span style=\"color: #ffffff;\">LES D\u00c9BOUCH\u00c9S<\/span><\/h5>\n<div style=\"text-align: center;\">\u00a0<\/div>\n<div style=\"caret-color: #000000; color: #000000; font-size: 14px; text-align: center;\">\n<div style=\"flex-basis: 100%;\">\n<p><span style=\"color: #ffffff;\">Le bac pro a pour premier objectif l\u2019insertion professionnelle mais, avec un bon dossier ou une mention \u00e0 l\u2019examen, une poursuite d\u2019\u00e9tudes est envisageable en BTS. Exemples de formations poursuivies :<\/span><\/p>\n<\/div>\n<\/div>\n<div style=\"caret-color: #000000; color: #000000; font-size: 14px;\">\n<div style=\"flex-basis: 100%;\">\n<p style=\"text-align: center;\"><span style=\"color: #ffffff;\">&#8211; MC Technicien(ne) en soudage<\/span><br \/><span style=\"color: #ffffff;\">&#8211; MC Technicien(ne) en tuyauterie<\/span><br \/><span style=\"color: #ffffff;\">&#8211; BTS Assistance technique d\u2019ing\u00e9nieur<\/span><br \/><span style=\"color: #ffffff;\">&#8211; BTS Conception des processus de r\u00e9alisation de produits option A production unitaire<\/span><br \/><span style=\"color: #ffffff;\">&#8211; BTS Conception des processus de r\u00e9alisation de produits option B production s\u00e9rielle<\/span><br \/><span style=\"color: #ffffff;\">&#8211; BTS Conception et industrialisation en microtechniques<\/span><br \/><span style=\"color: #ffffff;\">&#8211; BTS Conception et r\u00e9alisation de syst\u00e8mes automatiques<\/span><br \/><span style=\"color: #ffffff;\">&#8211; BTS Maintenance des syst\u00e8mes option A syst\u00e8mes de production<\/span><br \/><span style=\"color: #ffffff;\">&#8211; BTS Technico-commercial<\/span><\/p>\n<\/div>\n<\/div>\t\t\t\t\t\t<\/div>\n\t\t\t\t<\/div>\n\t\t\t\t\t<\/div>\n\t\t<\/div>\n\t\t\t\t\t<\/div>\n\t\t<\/section>\n\t\t\t\t<section class=\"elementor-section elementor-top-section elementor-element elementor-element-8080570 elementor-section-stretched elementor-section-boxed elementor-section-height-default elementor-section-height-default\" data-id=\"8080570\" data-element_type=\"section\" data-settings=\"{&quot;stretch_section&quot;:&quot;section-stretched&quot;,&quot;background_background&quot;:&quot;classic&quot;}\">\n\t\t\t\t\t\t<div class=\"elementor-container elementor-column-gap-default\">\n\t\t\t\t\t<div class=\"elementor-column elementor-col-33 elementor-top-column elementor-element elementor-element-3b52ef0\" data-id=\"3b52ef0\" data-element_type=\"column\">\n\t\t\t<div class=\"elementor-widget-wrap elementor-element-populated\">\n\t\t\t\t\t\t<div class=\"elementor-element elementor-element-10ae273 elementor-widget elementor-widget-text-editor\" data-id=\"10ae273\" data-element_type=\"widget\" data-widget_type=\"text-editor.default\">\n\t\t\t\t<div class=\"elementor-widget-container\">\n\t\t\t\t\t\t\t<h5><br><\/h5><h5>HORAIRES<\/h5>\n<p><br><\/p>\n<p>Lundi au vendredi &nbsp;: 8h30 \u2013 16h30<br><\/p>\t\t\t\t\t\t<\/div>\n\t\t\t\t<\/div>\n\t\t\t\t\t<\/div>\n\t\t<\/div>\n\t\t\t\t<div class=\"elementor-column elementor-col-33 elementor-top-column elementor-element elementor-element-8c73256\" data-id=\"8c73256\" data-element_type=\"column\">\n\t\t\t<div class=\"elementor-widget-wrap elementor-element-populated\">\n\t\t\t\t\t\t<div class=\"elementor-element elementor-element-ffecc23 elementor-widget elementor-widget-text-editor\" data-id=\"ffecc23\" data-element_type=\"widget\" data-widget_type=\"text-editor.default\">\n\t\t\t\t<div class=\"elementor-widget-container\">\n\t\t\t\t\t\t\t<h5>\u00a0<\/h5><h5>ADRESSES<\/h5><div>\u00a0<\/div><p>2B Rue des Huiliers<\/p><p>\u00a057220 BOULAY<\/p><p>1 All\u00e9e Ren\u00e9 Cassin\u00a0<\/p><p>57380 FAULQUEMONT<\/p><p style=\"margin-top: 32px; margin-bottom: 32px; text-transform: uppercase;\">\u00a0<\/p>\t\t\t\t\t\t<\/div>\n\t\t\t\t<\/div>\n\t\t\t\t\t<\/div>\n\t\t<\/div>\n\t\t\t\t<div class=\"elementor-column elementor-col-33 elementor-top-column elementor-element elementor-element-9a4963a\" data-id=\"9a4963a\" data-element_type=\"column\">\n\t\t\t<div class=\"elementor-widget-wrap elementor-element-populated\">\n\t\t\t\t\t\t<div class=\"elementor-element elementor-element-378bd6c elementor-widget elementor-widget-text-editor\" data-id=\"378bd6c\" data-element_type=\"widget\" data-widget_type=\"text-editor.default\">\n\t\t\t\t<div class=\"elementor-widget-container\">\n\t\t\t\t\t\t\t<h5>\u00a0<\/h5><h5>CONTACT<\/h5><div>\u00a0<\/div><div><span style=\"color: var( --e-global-color-text ); font-family: var( --e-global-typography-text-font-family ), Sans-serif; font-size: 1rem;\">03 87 79 21 76<\/span><\/div><p><a href=\"mailto:accueil@lp-interentreprises.fr\">accueil@lp-interentreprises.fr<\/a><\/p><p>\u00a0<\/p>\t\t\t\t\t\t<\/div>\n\t\t\t\t<\/div>\n\t\t\t\t\t<\/div>\n\t\t<\/div>\n\t\t\t\t\t<\/div>\n\t\t<\/section>\n\t\t\t\t<\/div>\n\t\t","protected":false},"excerpt":{"rendered":"<p>https:\/\/youtu.be\/dYtpBwr1RdY LE M\u00c9TIER \u00a0 En entreprise ou en atelier de m\u00e9canique, le titulaire de ce bac pro ma\u00eetrise la mise en \u0153uvre de l\u2019usinage par enl\u00e8vement de mati\u00e8re. Il sait analyser l\u2019ensemble des donn\u00e9es techniques et utiliser la cha\u00eene des donn\u00e9es num\u00e9riques (conception assist\u00e9e par ordinateur, fabrication assist\u00e9e par ordinateur\u2026). Lors du lancement et du<a class=\"more-link\" href=\"https:\/\/lp-interentreprises.com\/index.php\/bac-pro-technicien-en-realisation-de-produits-mecaniques\/\">Lire la suite <span class=\"screen-reader-text\">&#8220;BAC PRO TECHNICIEN EN R\u00c9ALISATION DE PRODUITS M\u00c9CANIQUES &#8211; 3 ANS&#8221;<\/span><\/a><\/p>\n","protected":false},"author":1,"featured_media":0,"parent":0,"menu_order":0,"comment_status":"closed","ping_status":"closed","template":"","meta":{"footnotes":""},"class_list":["post-138","page","type-page","status-publish","hentry","entry"],"jetpack_sharing_enabled":true,"_links":{"self":[{"href":"https:\/\/lp-interentreprises.com\/index.php\/wp-json\/wp\/v2\/pages\/138","targetHints":{"allow":["GET"]}}],"collection":[{"href":"https:\/\/lp-interentreprises.com\/index.php\/wp-json\/wp\/v2\/pages"}],"about":[{"href":"https:\/\/lp-interentreprises.com\/index.php\/wp-json\/wp\/v2\/types\/page"}],"author":[{"embeddable":true,"href":"https:\/\/lp-interentreprises.com\/index.php\/wp-json\/wp\/v2\/users\/1"}],"replies":[{"embeddable":true,"href":"https:\/\/lp-interentreprises.com\/index.php\/wp-json\/wp\/v2\/comments?post=138"}],"version-history":[{"count":17,"href":"https:\/\/lp-interentreprises.com\/index.php\/wp-json\/wp\/v2\/pages\/138\/revisions"}],"predecessor-version":[{"id":2890,"href":"https:\/\/lp-interentreprises.com\/index.php\/wp-json\/wp\/v2\/pages\/138\/revisions\/2890"}],"wp:attachment":[{"href":"https:\/\/lp-interentreprises.com\/index.php\/wp-json\/wp\/v2\/media?parent=138"}],"curies":[{"name":"wp","href":"https:\/\/api.w.org\/{rel}","templated":true}]}}