{"id":137,"date":"2022-10-18T09:46:59","date_gmt":"2022-10-18T07:46:59","guid":{"rendered":"https:\/\/lp-interentreprises.com\/?page_id=137"},"modified":"2024-09-08T14:50:57","modified_gmt":"2024-09-08T12:50:57","slug":"cap-pro-electricite","status":"publish","type":"page","link":"https:\/\/lp-interentreprises.com\/index.php\/cap-pro-electricite\/","title":{"rendered":"CAP \u00c9LECTRICIEN &#8211; 2 ANS"},"content":{"rendered":"\t\t<div data-elementor-type=\"wp-page\" data-elementor-id=\"137\" class=\"elementor elementor-137\">\n\t\t\t\t\t\t<section class=\"elementor-section elementor-top-section elementor-element elementor-element-e982363 elementor-section-stretched elementor-section-boxed elementor-section-height-default elementor-section-height-default\" data-id=\"e982363\" data-element_type=\"section\" data-settings=\"{&quot;stretch_section&quot;:&quot;section-stretched&quot;}\">\n\t\t\t\t\t\t<div class=\"elementor-container elementor-column-gap-default\">\n\t\t\t\t\t<div class=\"elementor-column elementor-col-100 elementor-top-column elementor-element elementor-element-1bbfb8c\" data-id=\"1bbfb8c\" data-element_type=\"column\">\n\t\t\t<div class=\"elementor-widget-wrap elementor-element-populated\">\n\t\t\t\t\t\t<div class=\"elementor-element elementor-element-b4b1313 elementor-widget elementor-widget-video\" data-id=\"b4b1313\" data-element_type=\"widget\" data-settings=\"{&quot;youtube_url&quot;:&quot;https:\\\/\\\/youtu.be\\\/Deq7856KoAo&quot;,&quot;video_type&quot;:&quot;youtube&quot;,&quot;controls&quot;:&quot;yes&quot;}\" data-widget_type=\"video.default\">\n\t\t\t\t<div class=\"elementor-widget-container\">\n\t\t\t<style>\/*! elementor - v3.22.0 - 24-06-2024 *\/\n.elementor-widget-video .elementor-widget-container{overflow:hidden;transform:translateZ(0)}.elementor-widget-video .elementor-wrapper{aspect-ratio:var(--video-aspect-ratio)}.elementor-widget-video .elementor-wrapper iframe,.elementor-widget-video .elementor-wrapper video{height:100%;width:100%;display:flex;border:none;background-color:#000}@supports not (aspect-ratio:1\/1){.elementor-widget-video .elementor-wrapper{position:relative;overflow:hidden;height:0;padding-bottom:calc(100% \/ var(--video-aspect-ratio))}.elementor-widget-video .elementor-wrapper iframe,.elementor-widget-video .elementor-wrapper video{position:absolute;top:0;right:0;bottom:0;left:0}}.elementor-widget-video .elementor-open-inline .elementor-custom-embed-image-overlay{position:absolute;top:0;right:0;bottom:0;left:0;background-size:cover;background-position:50%}.elementor-widget-video .elementor-custom-embed-image-overlay{cursor:pointer;text-align:center}.elementor-widget-video .elementor-custom-embed-image-overlay:hover .elementor-custom-embed-play i{opacity:1}.elementor-widget-video .elementor-custom-embed-image-overlay img{display:block;width:100%;aspect-ratio:var(--video-aspect-ratio);-o-object-fit:cover;object-fit:cover;-o-object-position:center center;object-position:center center}@supports not (aspect-ratio:1\/1){.elementor-widget-video .elementor-custom-embed-image-overlay{position:relative;overflow:hidden;height:0;padding-bottom:calc(100% \/ var(--video-aspect-ratio))}.elementor-widget-video .elementor-custom-embed-image-overlay img{position:absolute;top:0;right:0;bottom:0;left:0}}.elementor-widget-video .e-hosted-video .elementor-video{-o-object-fit:cover;object-fit:cover}.e-con-inner>.elementor-widget-video,.e-con>.elementor-widget-video{width:var(--container-widget-width);--flex-grow:var(--container-widget-flex-grow)}<\/style>\t\t<div class=\"elementor-wrapper elementor-open-inline\">\n\t\t\t<div class=\"elementor-video\"><\/div>\t\t<\/div>\n\t\t\t\t<\/div>\n\t\t\t\t<\/div>\n\t\t\t\t\t<\/div>\n\t\t<\/div>\n\t\t\t\t\t<\/div>\n\t\t<\/section>\n\t\t\t\t<section class=\"elementor-section elementor-top-section elementor-element elementor-element-de66740 elementor-section-stretched elementor-section-boxed elementor-section-height-default elementor-section-height-default\" data-id=\"de66740\" data-element_type=\"section\" data-settings=\"{&quot;stretch_section&quot;:&quot;section-stretched&quot;}\">\n\t\t\t\t\t\t<div class=\"elementor-container elementor-column-gap-default\">\n\t\t\t\t\t<div class=\"elementor-column elementor-col-100 elementor-top-column elementor-element elementor-element-aff853a\" data-id=\"aff853a\" data-element_type=\"column\">\n\t\t\t<div class=\"elementor-widget-wrap elementor-element-populated\">\n\t\t\t\t\t\t<div class=\"elementor-element elementor-element-7bdf313 elementor-widget elementor-widget-text-editor\" data-id=\"7bdf313\" data-element_type=\"widget\" data-widget_type=\"text-editor.default\">\n\t\t\t\t<div class=\"elementor-widget-container\">\n\t\t\t<style>\/*! elementor - v3.22.0 - 24-06-2024 *\/\n.elementor-widget-text-editor.elementor-drop-cap-view-stacked .elementor-drop-cap{background-color:#69727d;color:#fff}.elementor-widget-text-editor.elementor-drop-cap-view-framed .elementor-drop-cap{color:#69727d;border:3px solid;background-color:transparent}.elementor-widget-text-editor:not(.elementor-drop-cap-view-default) .elementor-drop-cap{margin-top:8px}.elementor-widget-text-editor:not(.elementor-drop-cap-view-default) .elementor-drop-cap-letter{width:1em;height:1em}.elementor-widget-text-editor .elementor-drop-cap{float:left;text-align:center;line-height:1;font-size:50px}.elementor-widget-text-editor .elementor-drop-cap-letter{display:inline-block}<\/style>\t\t\t\t<h5 class=\"alignwide has-secondary-color has-text-color\" style=\"text-align: center;\"><span style=\"color: #ffffff;\">LE M\u00c9TIER<\/span><\/h5><div class=\"wp-block-columns alignwide\"><div class=\"wp-block-column\" style=\"flex-basis: 100%;\"><p class=\"has-secondary-color has-text-color\" style=\"font-size: 14px;\"><span style=\"color: #ffffff;\">Le titulaire du CAP \u00c9lectricien est un ouvrier qualifi\u00e9 qui intervient dans les domaines du b\u00e2timent, de l\u2019industrie,de l\u2019agriculture, des services et des infrastructures.Il installe, met en service, entretient et r\u00e9pare des installations \u00e9lectriques et des r\u00e9seaux de communication.<\/span><\/p><p>Exemples d\u2019interventions :<\/p><\/div><\/div><div class=\"wp-block-columns alignwide\"><div class=\"wp-block-column\" style=\"flex-basis: 100%;\"><p class=\"has-secondary-color has-text-color\" style=\"font-size: 14px;\"><span style=\"color: #ffffff;\">\u2013 installations \u00e9lectriques dans des logements individuels ou collectifs (prises, \u00e9clairages, gaines, tableaux \u00e9lectriques),<\/span><br \/><span style=\"color: #ffffff;\">\u2013 mise en place des c\u00e2blages r\u00e9seaux dans une maison en conformit\u00e9 avec les normes (prises et c\u00e2bles r\u00e9seaux, baies de brassage et switchs),<\/span><br \/><span style=\"color: #ffffff;\">\u2013 installations \u00e9lectriques et c\u00e2blages r\u00e9seaux dans les b\u00e2timents commerciaux et industriels,<\/span><br \/><span style=\"color: #ffffff;\">\u2013 installation et maintenance des \u00e9clairages publics et des signalisations urbainesSon activit\u00e9 est principalement li\u00e9e au domaine de la basse tension (domaine BTA) o\u00f9 les travaux de r\u00e9alisation sont r\u00e9alis\u00e9s en toute autonomie. Les t\u00e2ches de mise en service et de maintenance sont effectu\u00e9es sous la responsabilit\u00e9 d\u2019un charg\u00e9 de travaux.<\/span><\/p><\/div><\/div><div class=\"wp-block-columns alignwide\"><div class=\"wp-block-column\" style=\"flex-basis: 100%;\"><p class=\"has-secondary-color has-text-color\" style=\"font-size: 14px;\"><span style=\"color: #ffffff;\">Apr\u00e8s une exp\u00e9rience significative de chantier, il pourra \u00e9voluer dans son m\u00e9tier en fonction de ses attentes. Il pourra envisager de cr\u00e9er ou reprendre une entreprise dans ce secteur d\u2019activit\u00e9.<\/span><\/p><\/div><\/div><h5>\u00a0<\/h5><h5 class=\"alignwide has-secondary-color has-text-color\" style=\"font-size: 25px;\"><span style=\"color: #ffffff;\">LA FORMATION<\/span><\/h5><div><div>L\u2019essentiel de la formation porte sur les connaissances relevant des domaines suivants :- distribution et utilisation de l\u2019\u00e9nergie &#8211; installations et \u00e9quipements \u00e9lectriques,- commande de l\u2019\u00e9nergie &#8211; communication et traitement de l\u2019information\u00a0<\/div><\/div><div><div>&#8211; mise en service et maintenance, qualit\u00e9, s\u00e9curit\u00e9 et r\u00e9glementation.<\/div><\/div><div><div>Ces enseignements incluent des s\u00e9quences d\u2019\u00e9tudes sur les lois de l\u2019\u00e9lectrotechnique. Les \u00e9valuations s\u2019effectueront dans le cadre du Contr\u00f4le en Cours de Formation (CCF),\u00a0avec prise en compte des 12 semaines de formation en entreprise.<\/div><\/div><h5>\u00a0<\/h5><h5 class=\"alignwide has-secondary-color has-text-color\" style=\"font-size: 25px;\"><span style=\"color: #ffffff;\">LES D\u00c9BOUCH\u00c9S<\/span><\/h5><div class=\"wp-block-columns alignwide\"><div class=\"wp-block-column\" style=\"flex-basis: 100%;\"><p class=\"has-secondary-color has-text-color\" style=\"margin-bottom: 32px; font-size: 14px;\"><span style=\"color: #ffffff;\">Le CAP d\u00e9bouche sur la vie active mais il est possible, sous certaines conditions, de poursuivre des \u00e9tudes en 1 an avec une mention compl\u00e9mentaire (MC), en 2 ans en bac professionnel ou en brevet professionnel (BP).<\/span><\/p><\/div><\/div>\t\t\t\t\t\t<\/div>\n\t\t\t\t<\/div>\n\t\t\t\t\t<\/div>\n\t\t<\/div>\n\t\t\t\t\t<\/div>\n\t\t<\/section>\n\t\t\t\t<section class=\"elementor-section elementor-top-section elementor-element elementor-element-94005b1 elementor-section-stretched elementor-section-boxed elementor-section-height-default elementor-section-height-default\" data-id=\"94005b1\" data-element_type=\"section\" data-settings=\"{&quot;stretch_section&quot;:&quot;section-stretched&quot;,&quot;background_background&quot;:&quot;classic&quot;}\">\n\t\t\t\t\t\t<div class=\"elementor-container elementor-column-gap-default\">\n\t\t\t\t\t<div class=\"elementor-column elementor-col-33 elementor-top-column elementor-element elementor-element-c15d836\" data-id=\"c15d836\" data-element_type=\"column\">\n\t\t\t<div class=\"elementor-widget-wrap elementor-element-populated\">\n\t\t\t\t\t\t<div class=\"elementor-element elementor-element-7a79b11 elementor-widget elementor-widget-text-editor\" data-id=\"7a79b11\" data-element_type=\"widget\" data-widget_type=\"text-editor.default\">\n\t\t\t\t<div class=\"elementor-widget-container\">\n\t\t\t\t\t\t\t<h5><br><\/h5><h5>HORAIRES<\/h5>\n<p><br><\/p>\n<p>Lundi au vendredi &nbsp;: 8h30 \u2013 16h30<br><\/p>\t\t\t\t\t\t<\/div>\n\t\t\t\t<\/div>\n\t\t\t\t\t<\/div>\n\t\t<\/div>\n\t\t\t\t<div class=\"elementor-column elementor-col-33 elementor-top-column elementor-element elementor-element-8be4e68\" data-id=\"8be4e68\" data-element_type=\"column\">\n\t\t\t<div class=\"elementor-widget-wrap elementor-element-populated\">\n\t\t\t\t\t\t<div class=\"elementor-element elementor-element-a6b8c95 elementor-widget elementor-widget-text-editor\" data-id=\"a6b8c95\" data-element_type=\"widget\" data-widget_type=\"text-editor.default\">\n\t\t\t\t<div class=\"elementor-widget-container\">\n\t\t\t\t\t\t\t<h5>\u00a0<\/h5><h5>ADRESSES<\/h5><div>\u00a0<\/div><p>2B Rue des Huiliers<\/p><p>\u00a057220 BOULAY<\/p><p>1 All\u00e9e Ren\u00e9 Cassin\u00a0<\/p><p>57380 FAULQUEMONT<\/p><p style=\"margin-top: 32px; margin-bottom: 32px; text-transform: uppercase;\">\u00a0<\/p>\t\t\t\t\t\t<\/div>\n\t\t\t\t<\/div>\n\t\t\t\t\t<\/div>\n\t\t<\/div>\n\t\t\t\t<div class=\"elementor-column elementor-col-33 elementor-top-column elementor-element elementor-element-da896fb\" data-id=\"da896fb\" data-element_type=\"column\">\n\t\t\t<div class=\"elementor-widget-wrap elementor-element-populated\">\n\t\t\t\t\t\t<div class=\"elementor-element elementor-element-9bce704 elementor-widget elementor-widget-text-editor\" data-id=\"9bce704\" data-element_type=\"widget\" data-widget_type=\"text-editor.default\">\n\t\t\t\t<div class=\"elementor-widget-container\">\n\t\t\t\t\t\t\t<h5>\u00a0<\/h5><h5>CONTACT<\/h5><div>\u00a0<\/div><div><span style=\"color: var( --e-global-color-text ); font-family: var( --e-global-typography-text-font-family ), Sans-serif; font-size: 1rem;\">03 87 79 21 76<\/span><\/div><p><a href=\"mailto:accueil@lp-interentreprises.fr\">accueil@lp-interentreprises.fr<\/a><\/p><p>\u00a0<\/p>\t\t\t\t\t\t<\/div>\n\t\t\t\t<\/div>\n\t\t\t\t\t<\/div>\n\t\t<\/div>\n\t\t\t\t\t<\/div>\n\t\t<\/section>\n\t\t\t\t<\/div>\n\t\t","protected":false},"excerpt":{"rendered":"<p>https:\/\/youtu.be\/Deq7856KoAo LE M\u00c9TIER Le titulaire du CAP \u00c9lectricien est un ouvrier qualifi\u00e9 qui intervient dans les domaines du b\u00e2timent, de l\u2019industrie,de l\u2019agriculture, des services et des infrastructures.Il installe, met en service, entretient et r\u00e9pare des installations \u00e9lectriques et des r\u00e9seaux de communication. Exemples d\u2019interventions : \u2013 installations \u00e9lectriques dans des logements individuels ou collectifs (prises,<a class=\"more-link\" href=\"https:\/\/lp-interentreprises.com\/index.php\/cap-pro-electricite\/\">Lire la suite <span class=\"screen-reader-text\">&#8220;CAP \u00c9LECTRICIEN &#8211; 2 ANS&#8221;<\/span><\/a><\/p>\n","protected":false},"author":1,"featured_media":0,"parent":0,"menu_order":0,"comment_status":"closed","ping_status":"closed","template":"","meta":{"footnotes":""},"class_list":["post-137","page","type-page","status-publish","hentry","entry"],"jetpack_sharing_enabled":true,"_links":{"self":[{"href":"https:\/\/lp-interentreprises.com\/index.php\/wp-json\/wp\/v2\/pages\/137","targetHints":{"allow":["GET"]}}],"collection":[{"href":"https:\/\/lp-interentreprises.com\/index.php\/wp-json\/wp\/v2\/pages"}],"about":[{"href":"https:\/\/lp-interentreprises.com\/index.php\/wp-json\/wp\/v2\/types\/page"}],"author":[{"embeddable":true,"href":"https:\/\/lp-interentreprises.com\/index.php\/wp-json\/wp\/v2\/users\/1"}],"replies":[{"embeddable":true,"href":"https:\/\/lp-interentreprises.com\/index.php\/wp-json\/wp\/v2\/comments?post=137"}],"version-history":[{"count":20,"href":"https:\/\/lp-interentreprises.com\/index.php\/wp-json\/wp\/v2\/pages\/137\/revisions"}],"predecessor-version":[{"id":3130,"href":"https:\/\/lp-interentreprises.com\/index.php\/wp-json\/wp\/v2\/pages\/137\/revisions\/3130"}],"wp:attachment":[{"href":"https:\/\/lp-interentreprises.com\/index.php\/wp-json\/wp\/v2\/media?parent=137"}],"curies":[{"name":"wp","href":"https:\/\/api.w.org\/{rel}","templated":true}]}}