{"id":136,"date":"2022-10-18T09:46:59","date_gmt":"2022-10-18T07:46:59","guid":{"rendered":"https:\/\/lp-interentreprises.com\/?page_id=136"},"modified":"2024-09-08T14:48:52","modified_gmt":"2024-09-08T12:48:52","slug":"cap-serrurerie-metallurgie","status":"publish","type":"page","link":"https:\/\/lp-interentreprises.com\/index.php\/cap-serrurerie-metallurgie\/","title":{"rendered":"CAP M\u00c9TALLIER &#8211; 2 ANS"},"content":{"rendered":"\t\t<div data-elementor-type=\"wp-page\" data-elementor-id=\"136\" class=\"elementor elementor-136\">\n\t\t\t\t\t\t<section class=\"elementor-section elementor-top-section elementor-element elementor-element-3cd7f08 elementor-section-stretched elementor-section-boxed elementor-section-height-default elementor-section-height-default\" data-id=\"3cd7f08\" data-element_type=\"section\" data-settings=\"{&quot;stretch_section&quot;:&quot;section-stretched&quot;}\">\n\t\t\t\t\t\t<div class=\"elementor-container elementor-column-gap-default\">\n\t\t\t\t\t<div class=\"elementor-column elementor-col-100 elementor-top-column elementor-element elementor-element-9471f3a\" data-id=\"9471f3a\" data-element_type=\"column\">\n\t\t\t<div class=\"elementor-widget-wrap elementor-element-populated\">\n\t\t\t\t\t\t<div class=\"elementor-element elementor-element-9212100 elementor-widget elementor-widget-video\" data-id=\"9212100\" data-element_type=\"widget\" data-settings=\"{&quot;youtube_url&quot;:&quot;https:\\\/\\\/youtu.be\\\/J3DZmhuz1QQ&quot;,&quot;video_type&quot;:&quot;youtube&quot;,&quot;controls&quot;:&quot;yes&quot;}\" data-widget_type=\"video.default\">\n\t\t\t\t<div class=\"elementor-widget-container\">\n\t\t\t<style>\/*! elementor - v3.22.0 - 24-06-2024 *\/\n.elementor-widget-video .elementor-widget-container{overflow:hidden;transform:translateZ(0)}.elementor-widget-video .elementor-wrapper{aspect-ratio:var(--video-aspect-ratio)}.elementor-widget-video .elementor-wrapper iframe,.elementor-widget-video .elementor-wrapper video{height:100%;width:100%;display:flex;border:none;background-color:#000}@supports not (aspect-ratio:1\/1){.elementor-widget-video .elementor-wrapper{position:relative;overflow:hidden;height:0;padding-bottom:calc(100% \/ var(--video-aspect-ratio))}.elementor-widget-video .elementor-wrapper iframe,.elementor-widget-video .elementor-wrapper video{position:absolute;top:0;right:0;bottom:0;left:0}}.elementor-widget-video .elementor-open-inline .elementor-custom-embed-image-overlay{position:absolute;top:0;right:0;bottom:0;left:0;background-size:cover;background-position:50%}.elementor-widget-video .elementor-custom-embed-image-overlay{cursor:pointer;text-align:center}.elementor-widget-video .elementor-custom-embed-image-overlay:hover .elementor-custom-embed-play i{opacity:1}.elementor-widget-video .elementor-custom-embed-image-overlay img{display:block;width:100%;aspect-ratio:var(--video-aspect-ratio);-o-object-fit:cover;object-fit:cover;-o-object-position:center center;object-position:center center}@supports not (aspect-ratio:1\/1){.elementor-widget-video .elementor-custom-embed-image-overlay{position:relative;overflow:hidden;height:0;padding-bottom:calc(100% \/ var(--video-aspect-ratio))}.elementor-widget-video .elementor-custom-embed-image-overlay img{position:absolute;top:0;right:0;bottom:0;left:0}}.elementor-widget-video .e-hosted-video .elementor-video{-o-object-fit:cover;object-fit:cover}.e-con-inner>.elementor-widget-video,.e-con>.elementor-widget-video{width:var(--container-widget-width);--flex-grow:var(--container-widget-flex-grow)}<\/style>\t\t<div class=\"elementor-wrapper elementor-open-inline\">\n\t\t\t<div class=\"elementor-video\"><\/div>\t\t<\/div>\n\t\t\t\t<\/div>\n\t\t\t\t<\/div>\n\t\t\t\t\t<\/div>\n\t\t<\/div>\n\t\t\t\t\t<\/div>\n\t\t<\/section>\n\t\t\t\t<section class=\"elementor-section elementor-top-section elementor-element elementor-element-c665fbf elementor-section-stretched elementor-section-boxed elementor-section-height-default elementor-section-height-default\" data-id=\"c665fbf\" data-element_type=\"section\" data-settings=\"{&quot;stretch_section&quot;:&quot;section-stretched&quot;}\">\n\t\t\t\t\t\t<div class=\"elementor-container elementor-column-gap-default\">\n\t\t\t\t\t<div class=\"elementor-column elementor-col-100 elementor-top-column elementor-element elementor-element-a0cb75b\" data-id=\"a0cb75b\" data-element_type=\"column\">\n\t\t\t<div class=\"elementor-widget-wrap elementor-element-populated\">\n\t\t\t\t\t\t<div class=\"elementor-element elementor-element-e3a9887 elementor-widget elementor-widget-text-editor\" data-id=\"e3a9887\" data-element_type=\"widget\" data-widget_type=\"text-editor.default\">\n\t\t\t\t<div class=\"elementor-widget-container\">\n\t\t\t<style>\/*! elementor - v3.22.0 - 24-06-2024 *\/\n.elementor-widget-text-editor.elementor-drop-cap-view-stacked .elementor-drop-cap{background-color:#69727d;color:#fff}.elementor-widget-text-editor.elementor-drop-cap-view-framed .elementor-drop-cap{color:#69727d;border:3px solid;background-color:transparent}.elementor-widget-text-editor:not(.elementor-drop-cap-view-default) .elementor-drop-cap{margin-top:8px}.elementor-widget-text-editor:not(.elementor-drop-cap-view-default) .elementor-drop-cap-letter{width:1em;height:1em}.elementor-widget-text-editor .elementor-drop-cap{float:left;text-align:center;line-height:1;font-size:50px}.elementor-widget-text-editor .elementor-drop-cap-letter{display:inline-block}<\/style>\t\t\t\t<h5><span style=\"color: #ffffff;\">LE M\u00c9TIER<\/span><\/h5><div class=\"wp-block-columns alignwide\" style=\"text-align: center;\"><div class=\"wp-block-column\" style=\"flex-basis: 100%;\"><p class=\"has-secondary-color has-text-color\" style=\"font-size: 14px;\"><span style=\"color: #ffffff;\">Les activit\u00e9s du champ professionnel de ce m\u00e9tier, sont li\u00e9es \u00e0 l&#8217;industrie et au b\u00e2timent. Elles offrent le choix entre deux secteurs d&#8217;activit\u00e9s et quatre sp\u00e9cialit\u00e9s.<\/span><br \/><span style=\"color: #ffffff;\">Sp\u00e9cialit\u00e9s :\u00a0<\/span><\/p><\/div><\/div><div class=\"wp-block-columns alignwide\" style=\"text-align: center;\"><div class=\"wp-block-column\" style=\"flex-basis: 100%;\"><p class=\"has-secondary-color has-text-color\" style=\"font-size: 14px;\"><span style=\"color: #ffffff;\">&#8211; la construction m\u00e9tallique (les monuments de notre temps, ossature de b\u00e2timent, ponts)<\/span><br \/><span style=\"color: #ffffff;\">&#8211; la menuiserie m\u00e9talliques (les fen\u00eatres, portes, fa\u00e7ades)<\/span><br \/><span style=\"color: #ffffff;\">&#8211; la m\u00e9tallerie (serrurerie, rampes, escaliers m\u00e9talliques)<\/span><br \/><span style=\"color: #ffffff;\">&#8211; l&#8217;agencement (d\u00e9coration, ferronnerie d&#8217;art)<\/span><br \/><span style=\"color: #ffffff;\">&#8211; les charpentes m\u00e9talliques<\/span><\/p><\/div><\/div><h5 class=\"alignwide has-secondary-color has-text-color\" style=\"font-size: 25px; text-align: center;\"><span style=\"color: #ffffff;\">LA FORMATION<\/span><\/h5><div><span style=\"color: #ffffff;\">\u00a0<\/span><\/div><div><span style=\"color: #ffffff;\">Ce dipl\u00f4me se pr\u00e9pare en deux ann\u00e9es de formation (dont 14 semaines de stages en entreprise). Le titulaire du CAP intervient en atelier et sur le chantier. Il est capable :<\/span><br \/><span style=\"color: #ffffff;\">&#8211; de lire un plan, choisir les machines et les outillages<\/span><br \/>&#8211; d&#8217;appliquer un\u00a0mode op\u00e9ratoire, r\u00e9aliser l&#8217;assemblage de l&#8217;ouvrage<br \/>&#8211; de poser l&#8217;ouvrage, effectuer la maintenance de l&#8217;ouvrage<\/div><div>&#8211; de communiquer avec les autres intervenants et de travailler en \u00e9quipe<\/div><div>\u00a0<\/div><div>\u00a0<\/div><div><div><h5><span style=\"color: #ffffff;\">LES APPTITUDES REQUISES<\/span><\/h5><pre>\u00a0<\/pre><\/div><\/div><div class=\"wp-block-columns alignwide\" style=\"text-align: center;\"><div class=\"wp-block-column\" style=\"flex-basis: 100%;\"><p class=\"has-secondary-color has-text-color\" style=\"font-size: 14px; text-align: center;\"><span style=\"color: #ffffff;\">Pr\u00e9cis, ayant le gout du travail manuel, il sait lire un plan, calculer.Il manipule des outillages pouvant pr\u00e9senter un certain danger c\u2019est pourquoi il doit \u00eatre attentif et adroit. Le m\u00e9tallier exerce un m\u00e9tier qui demande une certaine condition physique.\u00a0<\/span><\/p><h5><span style=\"color: #ffffff;\">LES D\u00c9BOUCH\u00c9S<\/span><\/h5><\/div><\/div><div class=\"wp-block-columns alignwide\"><div class=\"wp-block-column\" style=\"flex-basis: 100%;\"><p class=\"has-secondary-color has-text-color\" style=\"margin-bottom: 32px; font-size: 14px; text-align: center;\"><span style=\"color: #ffffff;\">&#8211; travailler dans une entreprise ou chez un artisan (fortes possibilites d&#8217;emploi)<\/span><br \/><span style=\"color: #ffffff;\">&#8211; poursuivre ses \u00e9tudes vers un baccalaur\u00e9at professionnel,\u00a0<\/span><br \/><span style=\"color: #ffffff;\">notamment en chaudronnerie Industrielle, propos\u00e9 au LPI<\/span><\/p><\/div><\/div>\t\t\t\t\t\t<\/div>\n\t\t\t\t<\/div>\n\t\t\t\t\t<\/div>\n\t\t<\/div>\n\t\t\t\t\t<\/div>\n\t\t<\/section>\n\t\t\t\t<section class=\"elementor-section elementor-top-section elementor-element elementor-element-b8d5d0a elementor-section-stretched elementor-section-boxed elementor-section-height-default elementor-section-height-default\" data-id=\"b8d5d0a\" data-element_type=\"section\" data-settings=\"{&quot;stretch_section&quot;:&quot;section-stretched&quot;}\">\n\t\t\t\t\t\t<div class=\"elementor-container elementor-column-gap-default\">\n\t\t\t\t\t<div class=\"elementor-column elementor-col-100 elementor-top-column elementor-element elementor-element-afffb60\" data-id=\"afffb60\" data-element_type=\"column\">\n\t\t\t<div class=\"elementor-widget-wrap elementor-element-populated\">\n\t\t\t\t\t\t<div class=\"elementor-element elementor-element-6add4f5 elementor-widget elementor-widget-spacer\" data-id=\"6add4f5\" data-element_type=\"widget\" data-widget_type=\"spacer.default\">\n\t\t\t\t<div class=\"elementor-widget-container\">\n\t\t\t<style>\/*! elementor - v3.22.0 - 24-06-2024 *\/\n.elementor-column .elementor-spacer-inner{height:var(--spacer-size)}.e-con{--container-widget-width:100%}.e-con-inner>.elementor-widget-spacer,.e-con>.elementor-widget-spacer{width:var(--container-widget-width,var(--spacer-size));--align-self:var(--container-widget-align-self,initial);--flex-shrink:0}.e-con-inner>.elementor-widget-spacer>.elementor-widget-container,.e-con>.elementor-widget-spacer>.elementor-widget-container{height:100%;width:100%}.e-con-inner>.elementor-widget-spacer>.elementor-widget-container>.elementor-spacer,.e-con>.elementor-widget-spacer>.elementor-widget-container>.elementor-spacer{height:100%}.e-con-inner>.elementor-widget-spacer>.elementor-widget-container>.elementor-spacer>.elementor-spacer-inner,.e-con>.elementor-widget-spacer>.elementor-widget-container>.elementor-spacer>.elementor-spacer-inner{height:var(--container-widget-height,var(--spacer-size))}.e-con-inner>.elementor-widget-spacer.elementor-widget-empty,.e-con>.elementor-widget-spacer.elementor-widget-empty{position:relative;min-height:22px;min-width:22px}.e-con-inner>.elementor-widget-spacer.elementor-widget-empty .elementor-widget-empty-icon,.e-con>.elementor-widget-spacer.elementor-widget-empty .elementor-widget-empty-icon{position:absolute;top:0;bottom:0;left:0;right:0;margin:auto;padding:0;width:22px;height:22px}<\/style>\t\t<div class=\"elementor-spacer\">\n\t\t\t<div class=\"elementor-spacer-inner\"><\/div>\n\t\t<\/div>\n\t\t\t\t<\/div>\n\t\t\t\t<\/div>\n\t\t\t\t\t<\/div>\n\t\t<\/div>\n\t\t\t\t\t<\/div>\n\t\t<\/section>\n\t\t\t\t<section class=\"elementor-section elementor-top-section elementor-element elementor-element-e882bca elementor-section-stretched elementor-section-boxed elementor-section-height-default elementor-section-height-default\" data-id=\"e882bca\" data-element_type=\"section\" data-settings=\"{&quot;stretch_section&quot;:&quot;section-stretched&quot;,&quot;background_background&quot;:&quot;classic&quot;}\">\n\t\t\t\t\t\t<div class=\"elementor-container elementor-column-gap-default\">\n\t\t\t\t\t<div class=\"elementor-column elementor-col-33 elementor-top-column elementor-element elementor-element-80dbf57\" data-id=\"80dbf57\" data-element_type=\"column\">\n\t\t\t<div class=\"elementor-widget-wrap elementor-element-populated\">\n\t\t\t\t\t\t<div class=\"elementor-element elementor-element-4fc496f elementor-widget elementor-widget-text-editor\" data-id=\"4fc496f\" data-element_type=\"widget\" data-widget_type=\"text-editor.default\">\n\t\t\t\t<div class=\"elementor-widget-container\">\n\t\t\t\t\t\t\t<h5><br><\/h5><h5>HORAIRES<\/h5>\n<p><br><\/p>\n<p>Lundi au vendredi &nbsp;: 8h30 \u2013 16h30<br><\/p>\t\t\t\t\t\t<\/div>\n\t\t\t\t<\/div>\n\t\t\t\t\t<\/div>\n\t\t<\/div>\n\t\t\t\t<div class=\"elementor-column elementor-col-33 elementor-top-column elementor-element elementor-element-8a09a7a\" data-id=\"8a09a7a\" data-element_type=\"column\">\n\t\t\t<div class=\"elementor-widget-wrap elementor-element-populated\">\n\t\t\t\t\t\t<div class=\"elementor-element elementor-element-ba0ac14 elementor-widget elementor-widget-text-editor\" data-id=\"ba0ac14\" data-element_type=\"widget\" data-widget_type=\"text-editor.default\">\n\t\t\t\t<div class=\"elementor-widget-container\">\n\t\t\t\t\t\t\t<h5>\u00a0<\/h5><h5>ADRESSES<\/h5><div>\u00a0<\/div><p>2B Rue des Huiliers<\/p><p>\u00a057220 BOULAY<\/p><p>1 All\u00e9e Ren\u00e9 Cassin\u00a0<\/p><p>57380 FAULQUEMONT<\/p><p style=\"margin-top: 32px; margin-bottom: 32px; text-transform: uppercase;\">\u00a0<\/p>\t\t\t\t\t\t<\/div>\n\t\t\t\t<\/div>\n\t\t\t\t\t<\/div>\n\t\t<\/div>\n\t\t\t\t<div class=\"elementor-column elementor-col-33 elementor-top-column elementor-element elementor-element-6bd8d23\" data-id=\"6bd8d23\" data-element_type=\"column\">\n\t\t\t<div class=\"elementor-widget-wrap elementor-element-populated\">\n\t\t\t\t\t\t<div class=\"elementor-element elementor-element-276ade1 elementor-widget elementor-widget-text-editor\" data-id=\"276ade1\" data-element_type=\"widget\" data-widget_type=\"text-editor.default\">\n\t\t\t\t<div class=\"elementor-widget-container\">\n\t\t\t\t\t\t\t<h5>\u00a0<\/h5><h5>CONTACT<\/h5><div>\u00a0<\/div><div><span style=\"color: var( --e-global-color-text ); font-family: var( --e-global-typography-text-font-family ), Sans-serif; font-size: 1rem;\">03 87 79 21 76<\/span><\/div><p><a href=\"mailto:accueil@lp-interentreprises.fr\">accueil@lp-interentreprises.fr<\/a><\/p><p>\u00a0<\/p>\t\t\t\t\t\t<\/div>\n\t\t\t\t<\/div>\n\t\t\t\t\t<\/div>\n\t\t<\/div>\n\t\t\t\t\t<\/div>\n\t\t<\/section>\n\t\t\t\t<\/div>\n\t\t","protected":false},"excerpt":{"rendered":"<p>https:\/\/youtu.be\/J3DZmhuz1QQ LE M\u00c9TIER Les activit\u00e9s du champ professionnel de ce m\u00e9tier, sont li\u00e9es \u00e0 l&#8217;industrie et au b\u00e2timent. Elles offrent le choix entre deux secteurs d&#8217;activit\u00e9s et quatre sp\u00e9cialit\u00e9s.Sp\u00e9cialit\u00e9s :\u00a0 &#8211; la construction m\u00e9tallique (les monuments de notre temps, ossature de b\u00e2timent, ponts)&#8211; la menuiserie m\u00e9talliques (les fen\u00eatres, portes, fa\u00e7ades)&#8211; la m\u00e9tallerie (serrurerie, rampes, escaliers<a class=\"more-link\" href=\"https:\/\/lp-interentreprises.com\/index.php\/cap-serrurerie-metallurgie\/\">Lire la suite <span class=\"screen-reader-text\">&#8220;CAP M\u00c9TALLIER &#8211; 2 ANS&#8221;<\/span><\/a><\/p>\n","protected":false},"author":1,"featured_media":0,"parent":0,"menu_order":0,"comment_status":"closed","ping_status":"closed","template":"","meta":{"footnotes":""},"class_list":["post-136","page","type-page","status-publish","hentry","entry"],"jetpack_sharing_enabled":true,"_links":{"self":[{"href":"https:\/\/lp-interentreprises.com\/index.php\/wp-json\/wp\/v2\/pages\/136","targetHints":{"allow":["GET"]}}],"collection":[{"href":"https:\/\/lp-interentreprises.com\/index.php\/wp-json\/wp\/v2\/pages"}],"about":[{"href":"https:\/\/lp-interentreprises.com\/index.php\/wp-json\/wp\/v2\/types\/page"}],"author":[{"embeddable":true,"href":"https:\/\/lp-interentreprises.com\/index.php\/wp-json\/wp\/v2\/users\/1"}],"replies":[{"embeddable":true,"href":"https:\/\/lp-interentreprises.com\/index.php\/wp-json\/wp\/v2\/comments?post=136"}],"version-history":[{"count":62,"href":"https:\/\/lp-interentreprises.com\/index.php\/wp-json\/wp\/v2\/pages\/136\/revisions"}],"predecessor-version":[{"id":3127,"href":"https:\/\/lp-interentreprises.com\/index.php\/wp-json\/wp\/v2\/pages\/136\/revisions\/3127"}],"wp:attachment":[{"href":"https:\/\/lp-interentreprises.com\/index.php\/wp-json\/wp\/v2\/media?parent=136"}],"curies":[{"name":"wp","href":"https:\/\/api.w.org\/{rel}","templated":true}]}}