{"id":135,"date":"2022-10-18T09:46:59","date_gmt":"2022-10-18T07:46:59","guid":{"rendered":"https:\/\/lp-interentreprises.com\/?page_id=135"},"modified":"2024-06-25T15:54:56","modified_gmt":"2024-06-25T13:54:56","slug":"3eme-prepa-metiers","status":"publish","type":"page","link":"https:\/\/lp-interentreprises.com\/index.php\/3eme-prepa-metiers\/","title":{"rendered":"3\u00c8ME PR\u00c9PA-M\u00c9TIERS &#8211; 1 AN"},"content":{"rendered":"\t\t<div data-elementor-type=\"wp-page\" data-elementor-id=\"135\" class=\"elementor elementor-135\">\n\t\t\t\t\t\t<section class=\"elementor-section elementor-top-section elementor-element elementor-element-1428ac1 elementor-section-stretched elementor-section-boxed elementor-section-height-default elementor-section-height-default\" data-id=\"1428ac1\" data-element_type=\"section\" data-settings=\"{&quot;stretch_section&quot;:&quot;section-stretched&quot;}\">\n\t\t\t\t\t\t<div class=\"elementor-container elementor-column-gap-default\">\n\t\t\t\t\t<div class=\"elementor-column elementor-col-100 elementor-top-column elementor-element elementor-element-0d1f184\" data-id=\"0d1f184\" data-element_type=\"column\">\n\t\t\t<div class=\"elementor-widget-wrap elementor-element-populated\">\n\t\t\t\t\t\t<div class=\"elementor-element elementor-element-1f38480 elementor-widget elementor-widget-video\" data-id=\"1f38480\" data-element_type=\"widget\" data-settings=\"{&quot;youtube_url&quot;:&quot;https:\\\/\\\/youtu.be\\\/AXhAiGsvADM&quot;,&quot;video_type&quot;:&quot;youtube&quot;,&quot;controls&quot;:&quot;yes&quot;}\" data-widget_type=\"video.default\">\n\t\t\t\t<div class=\"elementor-widget-container\">\n\t\t\t<style>\/*! elementor - v3.22.0 - 24-06-2024 *\/\n.elementor-widget-video .elementor-widget-container{overflow:hidden;transform:translateZ(0)}.elementor-widget-video .elementor-wrapper{aspect-ratio:var(--video-aspect-ratio)}.elementor-widget-video .elementor-wrapper iframe,.elementor-widget-video .elementor-wrapper video{height:100%;width:100%;display:flex;border:none;background-color:#000}@supports not (aspect-ratio:1\/1){.elementor-widget-video .elementor-wrapper{position:relative;overflow:hidden;height:0;padding-bottom:calc(100% \/ var(--video-aspect-ratio))}.elementor-widget-video .elementor-wrapper iframe,.elementor-widget-video .elementor-wrapper video{position:absolute;top:0;right:0;bottom:0;left:0}}.elementor-widget-video .elementor-open-inline .elementor-custom-embed-image-overlay{position:absolute;top:0;right:0;bottom:0;left:0;background-size:cover;background-position:50%}.elementor-widget-video .elementor-custom-embed-image-overlay{cursor:pointer;text-align:center}.elementor-widget-video .elementor-custom-embed-image-overlay:hover .elementor-custom-embed-play i{opacity:1}.elementor-widget-video .elementor-custom-embed-image-overlay img{display:block;width:100%;aspect-ratio:var(--video-aspect-ratio);-o-object-fit:cover;object-fit:cover;-o-object-position:center center;object-position:center center}@supports not (aspect-ratio:1\/1){.elementor-widget-video .elementor-custom-embed-image-overlay{position:relative;overflow:hidden;height:0;padding-bottom:calc(100% \/ var(--video-aspect-ratio))}.elementor-widget-video .elementor-custom-embed-image-overlay img{position:absolute;top:0;right:0;bottom:0;left:0}}.elementor-widget-video .e-hosted-video .elementor-video{-o-object-fit:cover;object-fit:cover}.e-con-inner>.elementor-widget-video,.e-con>.elementor-widget-video{width:var(--container-widget-width);--flex-grow:var(--container-widget-flex-grow)}<\/style>\t\t<div class=\"elementor-wrapper elementor-open-inline\">\n\t\t\t<div class=\"elementor-video\"><\/div>\t\t<\/div>\n\t\t\t\t<\/div>\n\t\t\t\t<\/div>\n\t\t\t\t\t<\/div>\n\t\t<\/div>\n\t\t\t\t\t<\/div>\n\t\t<\/section>\n\t\t\t\t<section class=\"elementor-section elementor-top-section elementor-element elementor-element-d9d9b85 elementor-section-stretched elementor-section-boxed elementor-section-height-default elementor-section-height-default\" data-id=\"d9d9b85\" data-element_type=\"section\" data-settings=\"{&quot;stretch_section&quot;:&quot;section-stretched&quot;}\">\n\t\t\t\t\t\t<div class=\"elementor-container elementor-column-gap-default\">\n\t\t\t\t\t<div class=\"elementor-column elementor-col-100 elementor-top-column elementor-element elementor-element-abeaed5\" data-id=\"abeaed5\" data-element_type=\"column\">\n\t\t\t<div class=\"elementor-widget-wrap elementor-element-populated\">\n\t\t\t\t\t\t<div class=\"elementor-element elementor-element-9ac193b elementor-widget elementor-widget-text-editor\" data-id=\"9ac193b\" data-element_type=\"widget\" data-widget_type=\"text-editor.default\">\n\t\t\t\t<div class=\"elementor-widget-container\">\n\t\t\t<style>\/*! elementor - v3.22.0 - 24-06-2024 *\/\n.elementor-widget-text-editor.elementor-drop-cap-view-stacked .elementor-drop-cap{background-color:#69727d;color:#fff}.elementor-widget-text-editor.elementor-drop-cap-view-framed .elementor-drop-cap{color:#69727d;border:3px solid;background-color:transparent}.elementor-widget-text-editor:not(.elementor-drop-cap-view-default) .elementor-drop-cap{margin-top:8px}.elementor-widget-text-editor:not(.elementor-drop-cap-view-default) .elementor-drop-cap-letter{width:1em;height:1em}.elementor-widget-text-editor .elementor-drop-cap{float:left;text-align:center;line-height:1;font-size:50px}.elementor-widget-text-editor .elementor-drop-cap-letter{display:inline-block}<\/style>\t\t\t\t<h5 style=\"font-size: 25px; text-transform: uppercase;\"><span style=\"color: #ffffff;\">POURQUOI UNE 3 \u00c8ME PREPA-METIERS<\/span><\/h5><div><div style=\"flex-basis: 100%;\"><p style=\"font-size: 14px;\"><span style=\"color: #ffffff;\">&#8211; parce que je souhaite d\u00e9couvrir diff\u00e9rents m\u00e9tiers<\/span><br \/><span style=\"color: #ffffff;\">&#8211; parce que je souhaite m\u2019engager dans la voie professionnelle<\/span><br \/><span style=\"color: #ffffff;\">&#8211; parce que je cherche une alternative \u00e0 la classe de 3\u00e8me g\u00e9n\u00e9rale<\/span><\/p><p style=\"font-size: 14px;\"><span style=\"color: #ffffff;\">\u00a0<\/span><\/p><\/div><\/div><h5 style=\"font-size: 25px;\"><span style=\"color: #ffffff;\">LES OBJECTIFS<\/span><\/h5><div><div style=\"flex-basis: 100%;\"><p style=\"font-size: 14px;\"><span style=\"color: #ffffff;\">La classe de La 3\u00e8me Pr\u00e9pa M\u00e9tiers a pour but d&#8217;accompagner les \u00e9l\u00e8ves volontaires dans la construction de leur projet de poursuite d&#8217;\u00e9tudes en particulier vers la voie professionnelle sous statut scolaire ou par apprentissage. Les principaux objectifs vis\u00e9s pour cette classe sont, d&#8217;une part, la ma\u00eetrise du socle commun de connaissance, de comp\u00e9tences et de culture et d&#8217;autres part, la construction du projet d&#8217;orientation de chaque \u00e9l\u00e8ve. il s&#8217;agit notamment d&#8217;apporter aux \u00e9l\u00e8ves une connaissance du monde professionnel par une approche des m\u00e9tiers de l&#8217;environnement \u00e9conomique et social. De les aider \u00e0 retrouver une motivation scolaire \u00e0 travers la construction d&#8217;un projet personnel prenant appui sur l&#8217;exploration et la d\u00e9couverte des voies et parcours de formation. De participer \u00e0 l&#8217;\u00e9ducation, \u00e0 l&#8217;orientation, en conduisant les \u00e9l\u00e8ves \u00e0 appr\u00e9hender la r\u00e9alit\u00e9 des m\u00e9tiers et des formations professionnelles et \u00e0 acqu\u00e9rir le go\u00fbt d&#8217;entreprendre, \u00e0 mesurer l&#8217;importance du choix qu&#8217;ils auront \u00e0 exprimer \u00e0 l&#8217;issus de la classe de troisi\u00e8me et \u00e0 d\u00e9couvrir les possibilit\u00e9s et les passerelles offertes par le syst\u00e8me \u00e9ducatif.<\/span><\/p><p style=\"font-size: 14px;\"><span style=\"color: #ffffff;\">\u00a0<\/span><\/p><h5 style=\"margin-top: 0px; margin-bottom: 0px; font-size: 25px;\"><span style=\"color: #ffffff;\">ADMISSION<\/span><\/h5><\/div><\/div><div><div style=\"flex-basis: 100%;\"><p style=\"font-size: 14px;\"><span style=\"color: #ffffff;\">\u00c0 l&#8217;issue de la classe de quatri\u00e8me, tout \u00e9l\u00e8ve poursuivant sa scolarit\u00e9 en classe de troisi\u00e8me peut demander son admission en classe de troisi\u00e8me &#8220;pr\u00e9pa-m\u00e9tiers&#8221;. La demande d&#8217;admission dans la classe de troisi\u00e8me &#8220;pr\u00e9pa-m\u00e9tiers&#8221; est formul\u00e9e par l&#8217;\u00e9l\u00e8ve et ses repr\u00e9sentants l\u00e9gaux aupr\u00e8s du principal du coll\u00e8ge d&#8217;origine qui \u00e9met un avis apr\u00e8s consultation de l&#8217;\u00e9quipe \u00e9ducative.<\/span><\/p><p style=\"font-size: 14px;\"><span style=\"color: #ffffff;\">\u00a0<\/span><\/p><\/div><\/div><h5 style=\"font-size: 25px; text-transform: uppercase;\"><span style=\"color: #ffffff;\">MODULE D\u00c9COUVERTE PROFESSIONNELLE :<\/span><\/h5><div><div style=\"flex-basis: 100%;\"><p style=\"font-size: 14px;\"><span style=\"color: #ffffff;\">Le module \u00ab d\u00e9couverte professionnelle \u00bb permet au Coll\u00e9gien de d\u00e9couvrir les m\u00e9tiers de fa\u00e7on pratique et r\u00e9guli\u00e8re. Pour cela 6h hebdomadaires sont consacr\u00e9es \u00e0 des activit\u00e9s dans nos ateliers tout au long de l\u2019ann\u00e9e (voir le lyc\u00e9e pro) compl\u00e9t\u00e9es par des stages en entreprises. Gr\u00e2ce \u00e0 la mise en situation pratique, l\u2019enseignement g\u00e9n\u00e9ral prend du sens, et devient ainsi plus attractif. Un accompagnement personnalis\u00e9 avec un enseignant r\u00e9f\u00e9rent est \u00e9galement dispens\u00e9e pour la pr\u00e9paration du projet d\u2019orientation avec des recherches sur les m\u00e9tiers, des interventions de professionnels, des sorties au CIO et la pr\u00e9paration du stage de 4 semaines (2 p\u00e9riodes de 2 semaines).<\/span><\/p><p style=\"font-size: 14px;\"><span style=\"color: #ffffff;\">\u00a0<\/span><\/p><\/div><\/div><h5 style=\"font-size: 25px; text-transform: uppercase;\"><span style=\"color: #ffffff;\">LE BREVET\u00a0<\/span><\/h5><div><div style=\"flex-basis: 100%;\"><p style=\"font-size: 14px;\"><span style=\"color: #ffffff;\">Les \u00e9l\u00e8ves passent le Brevet des Coll\u00e8ges s\u00e9rie professionnelle.<\/span><\/p><p style=\"font-size: 14px;\"><span style=\"color: #ffffff;\">\u00a0<\/span><\/p><\/div><\/div><h5 style=\"font-size: 25px; text-transform: uppercase;\"><span style=\"color: #ffffff;\">ET APRES LA 3\u00c8ME ?<\/span><\/h5><div><div style=\"flex-basis: 100%;\"><p style=\"font-size: 14px;\"><span style=\"color: #ffffff;\">L\u2019 orientation des \u00e9l\u00e8ves de 3\u00e8mes Pr\u00e9pa M\u00e9tiers est travaill\u00e9e de fa\u00e7on continue tout au long de l\u2019ann\u00e9e. Cela permet d\u2019\u00e9viter les \u00ab erreurs \u00bb d\u2019orientation, l\u2019\u00e9l\u00e8ve choisit sa voie professionnelle en ayant d\u00e9j\u00e0 une connaissance du m\u00e9tier.<\/span><\/p><\/div><\/div><div><div style=\"flex-basis: 100%;\"><p style=\"margin-bottom: 32px; font-size: 14px;\"><span style=\"color: #ffffff;\">&#8211; poursuite en voie professionnelle (CAP ou BAC PRO)<\/span><br \/><span style=\"color: #ffffff;\">&#8211; apprentissage<\/span><br \/><span style=\"color: #ffffff;\">&#8211; seconde g\u00e9n\u00e9rale ou technologique<\/span><\/p><\/div><\/div>\t\t\t\t\t\t<\/div>\n\t\t\t\t<\/div>\n\t\t\t\t\t<\/div>\n\t\t<\/div>\n\t\t\t\t\t<\/div>\n\t\t<\/section>\n\t\t\t\t<section class=\"elementor-section elementor-top-section elementor-element elementor-element-992fde1 elementor-section-stretched elementor-section-boxed elementor-section-height-default elementor-section-height-default\" data-id=\"992fde1\" data-element_type=\"section\" data-settings=\"{&quot;stretch_section&quot;:&quot;section-stretched&quot;}\">\n\t\t\t\t\t\t<div class=\"elementor-container elementor-column-gap-default\">\n\t\t\t\t\t<div class=\"elementor-column elementor-col-100 elementor-top-column elementor-element elementor-element-15e4f6e\" data-id=\"15e4f6e\" data-element_type=\"column\">\n\t\t\t<div class=\"elementor-widget-wrap elementor-element-populated\">\n\t\t\t\t\t\t<div class=\"elementor-element elementor-element-f9ea754 elementor-widget elementor-widget-spacer\" data-id=\"f9ea754\" data-element_type=\"widget\" data-widget_type=\"spacer.default\">\n\t\t\t\t<div class=\"elementor-widget-container\">\n\t\t\t<style>\/*! elementor - v3.22.0 - 24-06-2024 *\/\n.elementor-column .elementor-spacer-inner{height:var(--spacer-size)}.e-con{--container-widget-width:100%}.e-con-inner>.elementor-widget-spacer,.e-con>.elementor-widget-spacer{width:var(--container-widget-width,var(--spacer-size));--align-self:var(--container-widget-align-self,initial);--flex-shrink:0}.e-con-inner>.elementor-widget-spacer>.elementor-widget-container,.e-con>.elementor-widget-spacer>.elementor-widget-container{height:100%;width:100%}.e-con-inner>.elementor-widget-spacer>.elementor-widget-container>.elementor-spacer,.e-con>.elementor-widget-spacer>.elementor-widget-container>.elementor-spacer{height:100%}.e-con-inner>.elementor-widget-spacer>.elementor-widget-container>.elementor-spacer>.elementor-spacer-inner,.e-con>.elementor-widget-spacer>.elementor-widget-container>.elementor-spacer>.elementor-spacer-inner{height:var(--container-widget-height,var(--spacer-size))}.e-con-inner>.elementor-widget-spacer.elementor-widget-empty,.e-con>.elementor-widget-spacer.elementor-widget-empty{position:relative;min-height:22px;min-width:22px}.e-con-inner>.elementor-widget-spacer.elementor-widget-empty .elementor-widget-empty-icon,.e-con>.elementor-widget-spacer.elementor-widget-empty .elementor-widget-empty-icon{position:absolute;top:0;bottom:0;left:0;right:0;margin:auto;padding:0;width:22px;height:22px}<\/style>\t\t<div class=\"elementor-spacer\">\n\t\t\t<div class=\"elementor-spacer-inner\"><\/div>\n\t\t<\/div>\n\t\t\t\t<\/div>\n\t\t\t\t<\/div>\n\t\t\t\t\t<\/div>\n\t\t<\/div>\n\t\t\t\t\t<\/div>\n\t\t<\/section>\n\t\t\t\t<section class=\"elementor-section elementor-top-section elementor-element elementor-element-7bf01d6 elementor-section-stretched elementor-section-boxed elementor-section-height-default elementor-section-height-default\" data-id=\"7bf01d6\" data-element_type=\"section\" data-settings=\"{&quot;stretch_section&quot;:&quot;section-stretched&quot;,&quot;background_background&quot;:&quot;classic&quot;}\">\n\t\t\t\t\t\t<div class=\"elementor-container elementor-column-gap-default\">\n\t\t\t\t\t<div class=\"elementor-column elementor-col-33 elementor-top-column elementor-element elementor-element-b3845d0\" data-id=\"b3845d0\" data-element_type=\"column\">\n\t\t\t<div class=\"elementor-widget-wrap elementor-element-populated\">\n\t\t\t\t\t\t<div class=\"elementor-element elementor-element-6470f92 elementor-widget elementor-widget-text-editor\" data-id=\"6470f92\" data-element_type=\"widget\" data-widget_type=\"text-editor.default\">\n\t\t\t\t<div class=\"elementor-widget-container\">\n\t\t\t\t\t\t\t<h5><br><\/h5><h5>HORAIRES<\/h5>\n<p><br><\/p>\n<p>Lundi au vendredi &nbsp;: 8h30 \u2013 16h30<br><\/p>\t\t\t\t\t\t<\/div>\n\t\t\t\t<\/div>\n\t\t\t\t\t<\/div>\n\t\t<\/div>\n\t\t\t\t<div class=\"elementor-column elementor-col-33 elementor-top-column elementor-element elementor-element-41e298f\" data-id=\"41e298f\" data-element_type=\"column\">\n\t\t\t<div class=\"elementor-widget-wrap elementor-element-populated\">\n\t\t\t\t\t\t<div class=\"elementor-element elementor-element-bbd3097 elementor-widget elementor-widget-text-editor\" data-id=\"bbd3097\" data-element_type=\"widget\" data-widget_type=\"text-editor.default\">\n\t\t\t\t<div class=\"elementor-widget-container\">\n\t\t\t\t\t\t\t<h5>\u00a0<\/h5><h5>ADRESSES<\/h5><div>\u00a0<\/div><p>2B Rue des Huiliers<\/p><p>\u00a057220 BOULAY<\/p><p>1 All\u00e9e Ren\u00e9 Cassin\u00a0<\/p><p>57380 FAULQUEMONT<\/p><p style=\"margin-top: 32px; margin-bottom: 32px; text-transform: uppercase;\">\u00a0<\/p>\t\t\t\t\t\t<\/div>\n\t\t\t\t<\/div>\n\t\t\t\t\t<\/div>\n\t\t<\/div>\n\t\t\t\t<div class=\"elementor-column elementor-col-33 elementor-top-column elementor-element elementor-element-7397ee2\" data-id=\"7397ee2\" data-element_type=\"column\">\n\t\t\t<div class=\"elementor-widget-wrap elementor-element-populated\">\n\t\t\t\t\t\t<div class=\"elementor-element elementor-element-fec99cf elementor-widget elementor-widget-text-editor\" data-id=\"fec99cf\" data-element_type=\"widget\" data-widget_type=\"text-editor.default\">\n\t\t\t\t<div class=\"elementor-widget-container\">\n\t\t\t\t\t\t\t<h5>\u00a0<\/h5><h5>CONTACT<\/h5><div>\u00a0<\/div><div><span style=\"color: var( --e-global-color-text ); font-family: var( --e-global-typography-text-font-family ), Sans-serif; font-size: 1rem;\">03 87 79 21 76<\/span><\/div><p><a href=\"mailto:accueil@lp-interentreprises.fr\" target=\"_blank\" rel=\"noopener\">accueil@lp-interentreprises.fr<\/a><\/p>\t\t\t\t\t\t<\/div>\n\t\t\t\t<\/div>\n\t\t\t\t\t<\/div>\n\t\t<\/div>\n\t\t\t\t\t<\/div>\n\t\t<\/section>\n\t\t\t\t<\/div>\n\t\t","protected":false},"excerpt":{"rendered":"<p>https:\/\/youtu.be\/AXhAiGsvADM POURQUOI UNE 3 \u00c8ME PREPA-METIERS &#8211; parce que je souhaite d\u00e9couvrir diff\u00e9rents m\u00e9tiers&#8211; parce que je souhaite m\u2019engager dans la voie professionnelle&#8211; parce que je cherche une alternative \u00e0 la classe de 3\u00e8me g\u00e9n\u00e9rale \u00a0 LES OBJECTIFS La classe de La 3\u00e8me Pr\u00e9pa M\u00e9tiers a pour but d&#8217;accompagner les \u00e9l\u00e8ves volontaires dans la construction<a class=\"more-link\" href=\"https:\/\/lp-interentreprises.com\/index.php\/3eme-prepa-metiers\/\">Lire la suite <span class=\"screen-reader-text\">&#8220;3\u00c8ME PR\u00c9PA-M\u00c9TIERS &#8211; 1 AN&#8221;<\/span><\/a><\/p>\n","protected":false},"author":1,"featured_media":0,"parent":0,"menu_order":0,"comment_status":"closed","ping_status":"closed","template":"","meta":{"footnotes":""},"class_list":["post-135","page","type-page","status-publish","hentry","entry"],"jetpack_sharing_enabled":true,"_links":{"self":[{"href":"https:\/\/lp-interentreprises.com\/index.php\/wp-json\/wp\/v2\/pages\/135","targetHints":{"allow":["GET"]}}],"collection":[{"href":"https:\/\/lp-interentreprises.com\/index.php\/wp-json\/wp\/v2\/pages"}],"about":[{"href":"https:\/\/lp-interentreprises.com\/index.php\/wp-json\/wp\/v2\/types\/page"}],"author":[{"embeddable":true,"href":"https:\/\/lp-interentreprises.com\/index.php\/wp-json\/wp\/v2\/users\/1"}],"replies":[{"embeddable":true,"href":"https:\/\/lp-interentreprises.com\/index.php\/wp-json\/wp\/v2\/comments?post=135"}],"version-history":[{"count":27,"href":"https:\/\/lp-interentreprises.com\/index.php\/wp-json\/wp\/v2\/pages\/135\/revisions"}],"predecessor-version":[{"id":3062,"href":"https:\/\/lp-interentreprises.com\/index.php\/wp-json\/wp\/v2\/pages\/135\/revisions\/3062"}],"wp:attachment":[{"href":"https:\/\/lp-interentreprises.com\/index.php\/wp-json\/wp\/v2\/media?parent=135"}],"curies":[{"name":"wp","href":"https:\/\/api.w.org\/{rel}","templated":true}]}}